{"id":580,"date":"2022-06-02T19:23:47","date_gmt":"2022-06-02T17:23:47","guid":{"rendered":"http:\/\/kinesiologie31.fr\/2021\/?page_id=580"},"modified":"2022-06-03T15:01:19","modified_gmt":"2022-06-03T13:01:19","slug":"la-kinesiologie","status":"publish","type":"page","link":"http:\/\/kinesiologie31.fr\/2021\/la-kinesiologie\/","title":{"rendered":"LA KIN\u00c9SIOLOGIE"},"content":{"rendered":"\t\t<div data-elementor-type=\"wp-page\" data-elementor-id=\"580\" class=\"elementor elementor-580\" data-elementor-settings=\"[]\">\n\t\t\t\t\t\t\t<div class=\"elementor-section-wrap\">\n\t\t\t\t\t\t\t<section class=\"elementor-section elementor-top-section elementor-element elementor-element-5fcd23e1 elementor-section-boxed elementor-section-height-default elementor-section-height-default\" data-id=\"5fcd23e1\" data-element_type=\"section\" data-settings=\"{&quot;background_background&quot;:&quot;gradient&quot;}\">\n\t\t\t\t\t\t<div class=\"elementor-container elementor-column-gap-default\">\n\t\t\t\t\t<div class=\"elementor-column elementor-col-100 elementor-top-column elementor-element elementor-element-55bf1169\" data-id=\"55bf1169\" data-element_type=\"column\">\n\t\t\t<div class=\"elementor-widget-wrap elementor-element-populated\">\n\t\t\t\t\t\t\t\t<section class=\"elementor-section elementor-inner-section elementor-element elementor-element-3763b832 elementor-section-boxed elementor-section-height-default elementor-section-height-default\" data-id=\"3763b832\" data-element_type=\"section\" data-settings=\"{&quot;background_background&quot;:&quot;classic&quot;}\">\n\t\t\t\t\t\t<div class=\"elementor-container elementor-column-gap-default\">\n\t\t\t\t\t<div class=\"elementor-column elementor-col-25 elementor-inner-column elementor-element elementor-element-71636c6 elementor-hidden-phone\" data-id=\"71636c6\" data-element_type=\"column\">\n\t\t\t<div class=\"elementor-widget-wrap\">\n\t\t\t\t\t\t\t\t\t<\/div>\n\t\t<\/div>\n\t\t\t\t<div class=\"elementor-column elementor-col-50 elementor-inner-column elementor-element elementor-element-72f1c32d\" data-id=\"72f1c32d\" data-element_type=\"column\">\n\t\t\t<div class=\"elementor-widget-wrap elementor-element-populated\">\n\t\t\t\t\t\t\t\t<div class=\"elementor-element elementor-element-22511c4b animated-fast elementor-invisible elementor-widget elementor-widget-heading\" data-id=\"22511c4b\" data-element_type=\"widget\" data-settings=\"{&quot;_animation&quot;:&quot;fadeInUp&quot;}\" data-widget_type=\"heading.default\">\n\t\t\t\t<div class=\"elementor-widget-container\">\n\t\t\t<h1 class=\"elementor-heading-title elementor-size-default\">La kin\u00e9siologie<\/h1>\t\t<\/div>\n\t\t\t\t<\/div>\n\t\t\t\t<div class=\"elementor-element elementor-element-2c13d286 animated-fast elementor-invisible elementor-widget elementor-widget-text-editor\" data-id=\"2c13d286\" data-element_type=\"widget\" data-settings=\"{&quot;_animation&quot;:&quot;fadeInUp&quot;,&quot;_animation_delay&quot;:100}\" data-widget_type=\"text-editor.default\">\n\t\t\t\t<div class=\"elementor-widget-container\">\n\t\t\t\t\t\t\t<p><b><u>D\u00c9ROULEMENT D&rsquo;UNE S\u00c9ANCE<\/u><\/b><\/p><p>Le travail en s\u00e9ance s\u2019effectue \u00e0 deux, le kin\u00e9siologue et le sujet. En g\u00e9n\u00e9ral, on travaille sur un objectif, mais parfois ce dernier se r\u00e9v\u00e8le en cours de route ; gr\u00e2ce au test musculaire, le corps nous livre des informations pour mettre \u00e0 jour les difficult\u00e9s, leur(s) cause(s), leur(s) cons\u00e9quence(s), ainsi que les outils \u00e0 utiliser pour corriger les d\u00e9s\u00e9quilibres.<\/p><p style=\"text-align: left;\">Le but de toute s\u00e9ance de kin\u00e9siologie est un r\u00e9\u00e9quilibrage physique, mental, \u00e9motionnel et \u00e9nerg\u00e9tique de la personne.<br \/>\u00a0 \u00a0 \u00a0 \u00a0 \u00a0 \u00a0 \u00a0 \u00a0 \u00a0 \u00a0<\/p><p><b><u>\u00c9NERGIE ET R\u00c9\u00c9QUILIBRAGE<\/u><\/b><\/p><p><span style=\"font-size: inherit; color: var(--uicore-typography--p-c,'#070707'); font-family: var(--uicore-typography--p-f,'Inter'); font-style: var(--uicore-typography--p-st,'normal'); font-weight: var(--uicore-typography--p-w,'600'); letter-spacing: var(--uicore-typography--p-ls,'-0.027em'); text-transform: var(--uicore-typography--p-t,'none');\">Manque d\u2019\u00e9nergie, exc\u00e8s d\u2019\u00e9nergie, d\u00e9s\u00e9quilibre \u00e9nerg\u00e9tique, la kin\u00e9siologie travaille beaucoup sur ce registre inhibiteur pour les apprentissages, les choix de vie, les performances tant sportives que relevant du quotidien.<\/span><\/p><p>Des interventions sur les m\u00e9ridiens d\u2019acupuncture (sans aiguille) ainsi que sur les chakras sont l\u00e9gion pour r\u00e9tablir la libre circulation des \u00e9nergies subtiles.<\/p><p>De m\u00eame que sont utilis\u00e9es des techniques sp\u00e9cifiques de lib\u00e9ration du stress \u00e9motionnel et mental afin de rendre possibles des ressentis positifs.<\/p><p>Parall\u00e8lement, on fait appel \u00e0 des protocoles particuliers de correction pour lib\u00e9rer la personne de ses \u00ab programmes de survie \u00bb, ses m\u00e9moires parasites, ses pens\u00e9es n\u00e9gatives ou destructrices, d\u00e9voreurs d\u2019\u00e9nergie.<\/p><p>La kin\u00e9siologie permet \u00e9galement de d\u00e9finir un domaine correcteur prioritaire (physique, mental, \u00e9motionnel, \u00e9nerg\u00e9tique) r\u00e9tablissant l\u2019ensemble des d\u00e9s\u00e9quilibres constat\u00e9s. Le potentiel global ainsi r\u00e9tabli autorise alors l\u2019atteinte du ou des objectifs, propres \u00e0 la personne, inenvisageables auparavant.<\/p><p>N\u00e9anmoins, en aucun cas, l\u2019accompagnement que repr\u00e9sente la kin\u00e9siologie ne saurait se substituer aux traitements m\u00e9dicaux traditionnels.<br \/>\u00a0 \u00a0 \u00a0 \u00a0 \u00a0 \u00a0 \u00a0 \u00a0 \u00a0 \u00a0<\/p><p><b><u>L\u2019HISTOIRE DE LA KIN\u00c9SIOLOGIE<\/u><\/b><\/p><p>N\u00e9e dans les ann\u00e9es 60 aux USA lorsque des chiropracteurs r\u00e9alisent que l\u2019on peut intervenir diff\u00e9remment sur les muscles pour obtenir de nouveaux \u00e9quilibres dans le corps \u00e0 la mani\u00e8re de la m\u00e9decine chinoise qui veut que forces et faiblesses soient toujours li\u00e9es ; ainsi na\u00eetra, en particulier, \u00ab LA SANTE PAR LE TOUCHER \u00bb utilisant les m\u00e9ridiens d\u2019acupuncture combin\u00e9s avec le mental, l\u2019\u00e9motionnel et tout ce qui constitue une personne dans sa globalit\u00e9.<\/p><p>La France a \u00e9t\u00e9 et demeure au centre de la cr\u00e9ativit\u00e9 en kin\u00e9siologie, notamment J.C. GUYARD, prolongateur de \u00ab LA SANTE PAR LE TOUCHER \u00bb, promoteur de l\u2019AURAKINESIOLOGIE ou encore J.P. BOURGUET, utilisant les m\u00eames bases th\u00e9oriques, inventeur de la \u00ab KINESIOLOGIE HARMONIQUE \u00bb.<\/p><p>\u00a0 \u00a0 \u00a0 \u00a0 \u00a0 \u00a0 \u00a0 \u00a0 \u00a0 \u00a0<\/p>\t\t\t\t\t\t<\/div>\n\t\t\t\t<\/div>\n\t\t\t\t\t<\/div>\n\t\t<\/div>\n\t\t\t\t<div class=\"elementor-column elementor-col-25 elementor-inner-column elementor-element elementor-element-35246123 elementor-hidden-phone\" data-id=\"35246123\" data-element_type=\"column\">\n\t\t\t<div class=\"elementor-widget-wrap\">\n\t\t\t\t\t\t\t\t\t<\/div>\n\t\t<\/div>\n\t\t\t\t\t\t\t<\/div>\n\t\t<\/section>\n\t\t\t\t\t<\/div>\n\t\t<\/div>\n\t\t\t\t\t\t\t<\/div>\n\t\t<\/section>\n\t\t\t\t<section class=\"elementor-section elementor-top-section elementor-element elementor-element-6a83244e elementor-section-boxed elementor-section-height-default elementor-section-height-default\" data-id=\"6a83244e\" data-element_type=\"section\" data-settings=\"{&quot;background_background&quot;:&quot;classic&quot;}\">\n\t\t\t\t\t\t<div class=\"elementor-container elementor-column-gap-default\">\n\t\t\t\t\t<div class=\"elementor-column elementor-col-100 elementor-top-column elementor-element elementor-element-24ce4e52\" data-id=\"24ce4e52\" data-element_type=\"column\">\n\t\t\t<div class=\"elementor-widget-wrap elementor-element-populated\">\n\t\t\t\t\t\t\t\t<div class=\"elementor-element elementor-element-1cd8445a elementor-invisible elementor-widget elementor-widget-heading\" data-id=\"1cd8445a\" data-element_type=\"widget\" data-settings=\"{&quot;_animation&quot;:&quot;fadeInUp&quot;}\" data-widget_type=\"heading.default\">\n\t\t\t\t<div class=\"elementor-widget-container\">\n\t\t\t<h3 class=\"elementor-heading-title elementor-size-default\">Lettre d'information<\/h3>\t\t<\/div>\n\t\t\t\t<\/div>\n\t\t\t\t<div class=\"elementor-element elementor-element-7e5929b5 elementor-invisible elementor-widget elementor-widget-text-editor\" data-id=\"7e5929b5\" data-element_type=\"widget\" data-settings=\"{&quot;_animation&quot;:&quot;fadeInUp&quot;,&quot;_animation_delay&quot;:200}\" data-widget_type=\"text-editor.default\">\n\t\t\t\t<div class=\"elementor-widget-container\">\n\t\t\t\t\t\t\t<p class=\"p1\" style=\"text-align: left;\"><span style=\"text-align: left; font-size: 16px;\">Pour en savoir plus ou \u00eatre tenu au courant des prochains \u00e9v\u00e8nements, publications, formations et offres promotionnelles occasionnelles (premi\u00e8re s\u00e9ance gratuite, s\u00e9ance \u00e0 moiti\u00e9 prix, etc), vous pouvez vous abonner \u00e0 la lettre d&rsquo;information (moins d&rsquo;un email par mois).<\/span><\/p>\t\t\t\t\t\t<\/div>\n\t\t\t\t<\/div>\n\t\t\t\t<div class=\"elementor-element elementor-element-714089a5 elementor-invisible elementor-widget elementor-widget-metform\" data-id=\"714089a5\" data-element_type=\"widget\" data-settings=\"{&quot;_animation&quot;:&quot;fadeInUp&quot;,&quot;_animation_delay&quot;:400}\" data-widget_type=\"metform.default\">\n\t\t\t\t<div class=\"elementor-widget-container\">\n\t\t\t<div id=\"mf-response-props-id-654\" data-editswitchopen=\"\" data-erroricon=\"fas fa-exclamation-triangle\" data-successicon=\"fas fa-check\" data-messageposition=\"top\" class=\"   mf-scroll-top-no\">\n\t\t<div class=\"formpicker_warper formpicker_warper_editable\" data-metform-formpicker-key=\"654\" >\n\t\t\t\t\n\t\t\t<div class=\"elementor-widget-container\">\n\t\t\t\t\r\n\t\t<div\r\n\t\t\tid=\"metform-wrap-714089a5-654\"\r\n\t\t\tclass=\"mf-form-wrapper\"\r\n\t\t\tdata-form-id=\"654\"\r\n\t\t\tdata-action=\"http:\/\/kinesiologie31.fr\/2021\/wp-json\/metform\/v1\/entries\/insert\/654\"\r\n\t\t\tdata-wp-nonce=\"023b32c1b4\"\r\n\t\t\tdata-form-nonce=\"b750b843f1\"\r\n\t\t\tdata-stop-vertical-effect=\"\"\r\n\t\t\t><\/div>\r\n\r\n\r\n\t\t<!----------------------------- \r\n\t\t\t* controls_data : find the the props passed indie of data attribute\r\n\t\t\t* props.SubmitResponseMarkup : contains the markup of error or success message\r\n\t\t\t* https:\/\/developer.mozilla.org\/en-US\/docs\/Web\/JavaScript\/Reference\/Template_literals\r\n\t\t--------------------------- -->\r\n\r\n\t\t\t\t<script type=\"text\/mf\" class=\"mf-template\">\r\n\t\t\tfunction controls_data (value){\r\n\t\t\t\tlet currentWrapper = \"mf-response-props-id-654\";\r\n\t\t\t\tlet currentEl = document.getElementById(currentWrapper);\r\n\t\t\t\t\r\n\t\t\t\treturn currentEl ? currentEl.dataset[value] : false\r\n\t\t\t}\r\n\r\n\r\n\t\t\tlet is_edit_mode = '' ? true : false;\r\n\t\t\tlet message_position = controls_data('messageposition') || 'top';\r\n\r\n\t\t\t\r\n\t\t\tlet message_successIcon = controls_data('successicon') || '';\r\n\t\t\tlet message_errorIcon = controls_data('erroricon') || '';\r\n\t\t\tlet message_editSwitch = controls_data('editswitchopen') === 'yes' ? true : false;\r\n\t\t\tlet message_proClass = controls_data('editswitchopen') === 'yes' ? 'mf_pro_activated' : '';\r\n\t\t\t\r\n\t\t\tlet is_dummy_markup = is_edit_mode && message_editSwitch ? true : false;\r\n\r\n\t\t\t\r\n\t\t\treturn html`\r\n\t\t\t\t<form\r\n\t\t\t\t\tclassName=\"metform-form-content\"\r\n\t\t\t\t\tref=${parent.formContainerRef}\r\n\t\t\t\t\tonSubmit=${ validation.handleSubmit( parent.handleFormSubmit ) }\r\n\t\t\t\t\r\n\t\t\t\t\t>\r\n\t\t\t\r\n\t\t\t\r\n\t\t\t\t\t${is_dummy_markup ? message_position === 'top' ?  props.ResponseDummyMarkup(message_successIcon, message_proClass) : '' : ''}\r\n\t\t\t\t\t${is_dummy_markup ? ' ' :  message_position === 'top' ? props.SubmitResponseMarkup`${parent}${state}${message_successIcon}${message_errorIcon}${message_proClass}` : ''}\r\n\r\n\t\t\t\t\t<!--------------------------------------------------------\r\n\t\t\t\t\t*** IMPORTANT \/ DANGEROUS ***\r\n\t\t\t\t\t${html``} must be used as in immediate child of \"metform-form-main-wrapper\"\r\n\t\t\t\t\tclass otherwise multistep form will not run at all\r\n\t\t\t\t\t---------------------------------------------------------->\r\n\r\n\t\t\t\t\t<div className=\"metform-form-main-wrapper\" key=${'hide-form-after-submit'} ref=${parent.formRef}>\r\n\t\t\t\t\t${html`\r\n\t\t\t\t\t\t\t\t<div data-elementor-type=\"wp-post\" data-elementor-id=\"654\" className=\"elementor elementor-654\" data-elementor-settings=\"[]\">\n\t\t\t\t\t\t\t<div className=\"elementor-section-wrap\">\n\t\t\t\t\t\t\t<section className=\"elementor-section elementor-top-section elementor-element elementor-element-e0ff48b elementor-section-boxed elementor-section-height-default elementor-section-height-default\" data-id=\"e0ff48b\" data-element_type=\"section\">\n\t\t\t\t\t\t<div className=\"elementor-container elementor-column-gap-default\">\n\t\t\t\t\t<div className=\"elementor-column elementor-col-66 elementor-top-column elementor-element elementor-element-3bda7b5\" data-id=\"3bda7b5\" data-element_type=\"column\">\n\t\t\t<div className=\"elementor-widget-wrap elementor-element-populated\">\n\t\t\t\t\t\t\t\t<div className=\"elementor-element elementor-element-1e69127 elementor-widget elementor-widget-mf-email\" data-id=\"1e69127\" data-element_type=\"widget\" data-settings=\"{&quot;mf_input_name&quot;:&quot;mf-email&quot;}\" data-widget_type=\"mf-email.default\">\n\t\t\t\t<div className=\"elementor-widget-container\">\n\t\t\t\r\n\t\t<div className=\"mf-input-wrapper\">\r\n\t\t\t\r\n\t\t\t<input type=\"email\"  defaultValue=\"\" className=\"mf-input \" id=\"mf-input-email-1e69127\" name=\"mf-email\" placeholder=\"${ parent.decodeEntities(`E-mail`) } \"  onInput=${parent.handleChange} aria-invalid=${validation.errors['mf-email'] ? 'true' : 'false' } ref=${el=> parent.activateValidation({\"message\":\"Ce champ est n\\u00e9cessaire.\",\"emailMessage\":\"Veuillez saisir une adresse de messagerie valide\",\"minLength\":1,\"maxLength\":\"\",\"type\":\"none\",\"required\":true,\"expression\":\"null\"}, el)}\r\n\t\t\t\t\/>\r\n\r\n\t\t\t\t\t<${validation.ErrorMessage} errors=${validation.errors} name=\"mf-email\" as=${html`<span className=\"mf-error-message\"><\/span>`}\r\n\t\t\t\t\/>\r\n\t\t\t\r\n\t\t\t\t\t<\/div>\r\n\r\n\t\t<\/div>\n\t\t\t\t<\/div>\n\t\t\t\t\t<\/div>\n\t\t<\/div>\n\t\t\t\t<div className=\"elementor-column elementor-col-33 elementor-top-column elementor-element elementor-element-dc752e0\" data-id=\"dc752e0\" data-element_type=\"column\">\n\t\t\t<div className=\"elementor-widget-wrap elementor-element-populated\">\n\t\t\t\t\t\t\t\t<div className=\"elementor-element elementor-element-ff72de3 mf-btn--left elementor-widget elementor-widget-mf-button\" data-id=\"ff72de3\" data-element_type=\"widget\" data-widget_type=\"mf-button.default\">\n\t\t\t\t<div className=\"elementor-widget-container\">\n\t\t\t\t\t<div className=\"mf-btn-wraper \" data-mf-form-conditional-logic-requirement=\"\">\r\n\t\t\t\t\t\t\t<button type=\"submit\" className=\"metform-btn metform-submit-btn \" id=\"\">\r\n\t\t\t\t\t<span>${ parent.decodeEntities(`Envoyer`) } <\/span>\r\n\t\t\t\t<\/button>\r\n\t\t\t        <\/div>\r\n        \t\t<\/div>\n\t\t\t\t<\/div>\n\t\t\t\t\t<\/div>\n\t\t<\/div>\n\t\t\t\t\t\t\t<\/div>\n\t\t<\/section>\n\t\t\t\t\t\t<\/div>\n\t\t\t\t\t<\/div>\n\t\t\t\t\t\t\t`}\r\n\t\t\t\t\t<\/div>\r\n\r\n\t\t\t\t\t${is_dummy_markup ? message_position === 'bottom' ? props.ResponseDummyMarkup(message_successIcon, message_proClass) : '' : ''}\r\n\t\t\t\t\t${is_dummy_markup ? ' ' : message_position === 'bottom' ? props.SubmitResponseMarkup`${parent}${state}${message_successIcon}${message_errorIcon}${message_proClass}` : ''}\r\n\t\t\t\t\r\n\t\t\t\t<\/form>\r\n\t\t\t`\r\n\t\t<\/script>\r\n\r\n\t\t\t\t\t<\/div>\n\t\t<\/div>\n\t\t<\/div>\t\t<\/div>\n\t\t\t\t<\/div>\n\t\t\t\t<div class=\"elementor-element elementor-element-99d321b elementor-invisible elementor-widget elementor-widget-text-editor\" data-id=\"99d321b\" data-element_type=\"widget\" data-settings=\"{&quot;_animation&quot;:&quot;fadeInUp&quot;,&quot;_animation_delay&quot;:600}\" data-widget_type=\"text-editor.default\">\n\t\t\t\t<div class=\"elementor-widget-container\">\n\t\t\t\t\t\t\t\t\t\t\t\t\t<\/div>\n\t\t\t\t<\/div>\n\t\t\t\t\t<\/div>\n\t\t<\/div>\n\t\t\t\t\t\t\t<\/div>\n\t\t<\/section>\n\t\t\t\t\t\t<\/div>\n\t\t\t\t\t<\/div>\n\t\t","protected":false},"excerpt":{"rendered":"<p>La kin\u00e9siologie D\u00c9ROULEMENT D&rsquo;UNE S\u00c9ANCE Le travail en s\u00e9ance s\u2019effectue \u00e0 deux, le kin\u00e9siologue et le sujet. En g\u00e9n\u00e9ral, on travaille sur [&hellip;]<\/p>\n","protected":false},"author":1,"featured_media":0,"parent":0,"menu_order":0,"comment_status":"closed","ping_status":"closed","template":"","meta":{"footnotes":""},"class_list":["post-580","page","type-page","status-publish","hentry"],"_links":{"self":[{"href":"http:\/\/kinesiologie31.fr\/2021\/wp-json\/wp\/v2\/pages\/580","targetHints":{"allow":["GET"]}}],"collection":[{"href":"http:\/\/kinesiologie31.fr\/2021\/wp-json\/wp\/v2\/pages"}],"about":[{"href":"http:\/\/kinesiologie31.fr\/2021\/wp-json\/wp\/v2\/types\/page"}],"author":[{"embeddable":true,"href":"http:\/\/kinesiologie31.fr\/2021\/wp-json\/wp\/v2\/users\/1"}],"replies":[{"embeddable":true,"href":"http:\/\/kinesiologie31.fr\/2021\/wp-json\/wp\/v2\/comments?post=580"}],"version-history":[{"count":59,"href":"http:\/\/kinesiologie31.fr\/2021\/wp-json\/wp\/v2\/pages\/580\/revisions"}],"predecessor-version":[{"id":884,"href":"http:\/\/kinesiologie31.fr\/2021\/wp-json\/wp\/v2\/pages\/580\/revisions\/884"}],"wp:attachment":[{"href":"http:\/\/kinesiologie31.fr\/2021\/wp-json\/wp\/v2\/media?parent=580"}],"curies":[{"name":"wp","href":"https:\/\/api.w.org\/{rel}","templated":true}]}}